{"id":92,"date":"2022-02-15T13:00:51","date_gmt":"2022-02-15T11:00:51","guid":{"rendered":"https:\/\/www.condorhotel.ro\/photo-gallery-i\/"},"modified":"2025-04-15T06:22:37","modified_gmt":"2025-04-15T04:22:37","slug":"galerie-foto","status":"publish","type":"page","link":"https:\/\/www.condorhotel.ro\/?page_id=92","title":{"rendered":"GALERIE FOTO"},"content":{"rendered":"<p>[vc_row][vc_column][vc_empty_space]<h3 class=\"sohohotel-title-35px sohohotel-clearfix sohohotel-title-center\">Galerie foto<\/h3>[\/vc_column][\/vc_row][vc_row][vc_column][vc_empty_space][vc_custom_heading text=&#8221;Se spune c\u0103 o imagine valoreaz\u0103 c\u00e2t o mie de cuvinte.&#8221; font_container=&#8221;tag:p|font_size:19|text_align:center|color:%23000000&#8243; use_theme_fonts=&#8221;yes&#8221;][vc_custom_heading text=&#8221;Noi credem pe cuv\u00e2nt autorul \u0219i te invit\u0103m s\u0103 vezi ce \u021bi-am preg\u0103tit la Hotel Condor Tulcea.&#8221; font_container=&#8221;tag:p|font_size:19|text_align:center|color:%23000000&#8243; use_theme_fonts=&#8221;yes&#8221;][vc_gallery interval=&#8221;5&#8243; images=&#8221;358,362,672,671&#8243; img_size=&#8221;1200&#215;700&#8243;][vc_zigzag][vc_custom_heading text=&#8221;Este posibil s\u0103 nu existe un indicator mai mare al calit\u0103\u021bii unui hotel dec\u00e2t zona de lounge. Desigur, este \u0219i primul lucru pe care \u00eel v\u0103d oaspe\u021bii la sosire. :)&#8221; font_container=&#8221;tag:p|font_size:19|text_align:center|color:%23000000&#8243; use_theme_fonts=&#8221;yes&#8221;][vc_gallery interval=&#8221;5&#8243; images=&#8221;525,522,521,520,516,514,513,509,508,506&#8243; img_size=&#8221;1200&#215;700&#8243;][vc_zigzag][vc_custom_heading text=&#8221;Camerele noastre sunt amenajate \u00een a\u0219a fel \u00eenc\u00e2t s\u0103 fie luminoase, spa\u021bioase, s\u0103 v\u0103 ofere lini\u0219te \u0219i relaxare.&#8221; font_container=&#8221;tag:p|font_size:19|text_align:center|color:%23000000&#8243; use_theme_fonts=&#8221;yes&#8221;][vc_gallery interval=&#8221;5&#8243; images=&#8221;533,531,535,537,734&#8243; img_size=&#8221;1200&#215;700&#8243;][vc_zigzag][vc_custom_heading text=&#8221;Sala noastr\u0103 de fitness este refugiul perfect pentru to\u021bi iubitorii unui stil de via\u021b\u0103 s\u0103n\u0103tos.&#8221; font_container=&#8221;tag:p|font_size:19|text_align:center|color:%23000000&#8243; use_theme_fonts=&#8221;yes&#8221;][vc_gallery interval=&#8221;5&#8243; images=&#8221;566,570,565&#8243; img_size=&#8221;1200&#215;700&#8243;][\/vc_column][\/vc_row]<\/p>\n","protected":false},"excerpt":{"rendered":"<p>[vc_row][vc_column][vc_empty_space][\/vc_column][\/vc_row][vc_row][vc_column][vc_empty_space][vc_custom_heading text=&#8221;Se spune c\u0103 o imagine valoreaz\u0103 c\u00e2t o mie de cuvinte.&#8221; font_container=&#8221;tag:p|font_size:19|text_align:center|color:%23000000&#8243; use_theme_fonts=&#8221;yes&#8221;][vc_custom_heading text=&#8221;Noi credem pe cuv\u00e2nt autorul \u0219i te invit\u0103m s\u0103 vezi ce \u021bi-am preg\u0103tit la Hotel Condor Tulcea.&#8221; font_container=&#8221;tag:p|font_size:19|text_align:center|color:%23000000&#8243; use_theme_fonts=&#8221;yes&#8221;][vc_gallery interval=&#8221;5&#8243; images=&#8221;358,362,672,671&#8243; img_size=&#8221;1200&#215;700&#8243;][vc_zigzag][vc_custom_heading text=&#8221;Este posibil s\u0103 nu existe un indicator mai mare al calit\u0103\u021bii unui hotel dec\u00e2t zona de lounge. Desigur, este<\/p>\n<a href=\"https:\/\/www.condorhotel.ro\/?page_id=92\" class=\"sohohotel-more-link\">Read More<\/a>","protected":false},"author":1,"featured_media":0,"parent":0,"menu_order":0,"comment_status":"closed","ping_status":"closed","template":"","meta":{"footnotes":""},"class_list":["post-92","page","type-page","status-publish","hentry"],"aioseo_notices":[],"_links":{"self":[{"href":"https:\/\/www.condorhotel.ro\/index.php?rest_route=\/wp\/v2\/pages\/92","targetHints":{"allow":["GET"]}}],"collection":[{"href":"https:\/\/www.condorhotel.ro\/index.php?rest_route=\/wp\/v2\/pages"}],"about":[{"href":"https:\/\/www.condorhotel.ro\/index.php?rest_route=\/wp\/v2\/types\/page"}],"author":[{"embeddable":true,"href":"https:\/\/www.condorhotel.ro\/index.php?rest_route=\/wp\/v2\/users\/1"}],"replies":[{"embeddable":true,"href":"https:\/\/www.condorhotel.ro\/index.php?rest_route=%2Fwp%2Fv2%2Fcomments&post=92"}],"version-history":[{"count":46,"href":"https:\/\/www.condorhotel.ro\/index.php?rest_route=\/wp\/v2\/pages\/92\/revisions"}],"predecessor-version":[{"id":831,"href":"https:\/\/www.condorhotel.ro\/index.php?rest_route=\/wp\/v2\/pages\/92\/revisions\/831"}],"wp:attachment":[{"href":"https:\/\/www.condorhotel.ro\/index.php?rest_route=%2Fwp%2Fv2%2Fmedia&parent=92"}],"curies":[{"name":"wp","href":"https:\/\/api.w.org\/{rel}","templated":true}]}}