{"id":83,"date":"2022-02-15T13:00:51","date_gmt":"2022-02-15T11:00:51","guid":{"rendered":"https:\/\/www.condorhotel.ro\/home-i\/"},"modified":"2025-04-15T06:20:55","modified_gmt":"2025-04-15T04:20:55","slug":"acasa","status":"publish","type":"page","link":"https:\/\/www.condorhotel.ro\/","title":{"rendered":"ACAS\u0102"},"content":{"rendered":"<p>[vc_row css=&#8221;.vc_custom_1626770139067{margin-top: 0px !important;margin-right: 0px !important;margin-bottom: 0px !important;margin-left: 0px !important;border-top-width: 0px !important;border-right-width: 0px !important;border-bottom-width: 0px !important;border-left-width: 0px !important;padding-top: 0px !important;padding-right: 0px !important;padding-bottom: 0px !important;padding-left: 0px !important;background-color: #f2f2f3 !important;}&#8221; el_class=&#8221;sohohotel-slideshow-wrapper-1&#8243;][vc_column css=&#8221;.vc_custom_1626769422811{margin-top: 0px !important;margin-right: 0px !important;margin-bottom: 0px !important;margin-left: 0px !important;border-top-width: 0px !important;border-right-width: 0px !important;border-bottom-width: 0px !important;border-left-width: 0px !important;padding-top: 0px !important;padding-right: 0px !important;padding-bottom: 0px !important;padding-left: 0px !important;}&#8221;]<div class=\"flexslider sohohotel-slider-fullscreen\"><ul class=\"slides\"><li style=\"height: calc(100vh - 220px);\"><div class=\"sohohotel-slider-caption-1\"><h2>O experien\u0163\u0103 des\u0103v\u00e2r\u015fit\u0103<\/h2><a href=\"https:\/\/www.condorhotel.ro\/contact\/\" class=\"sohohotel-slider-button\">Rezerva\u0163i acum<\/a><\/div><div class=\"sohohotel-slider-overlay\" style=\"background:#000;opacity:0.5\"><\/div><div class=\"sohohotel-slide-image\" style=\"background-image:url(https:\/\/www.condorhotel.ro\/wp-content\/uploads\/2023\/01\/IMG_9828.jpeg);\"><\/div><\/li><li style=\"height: calc(100vh - 220px);\"><div class=\"sohohotel-slider-caption-2\"><h2>Loca\u0163ia ideal\u0103<\/h2><a href=\"https:\/\/www.condorhotel.ro\/contact\/\" class=\"sohohotel-slider-button\">Rezerva\u0163i acum<\/a><\/div><div class=\"sohohotel-slider-overlay\" style=\"background:#000;opacity:0.5\"><\/div><div class=\"sohohotel-slide-image\" style=\"background-image:url(https:\/\/www.condorhotel.ro\/wp-content\/uploads\/2023\/02\/20230119_103053.jpg);\"><\/div><\/li><li style=\"height: calc(100vh - 220px);\"><div class=\"sohohotel-slider-caption-2\"><h2>Te a\u0219tept\u0103m al\u0103turi de noi<\/h2><a href=\"https:\/\/www.condorhotel.ro\/contact\/\" class=\"sohohotel-slider-button\">Rezerva\u021bi acum<\/a><\/div><div class=\"sohohotel-slider-overlay\" ><\/div><div class=\"sohohotel-slide-image\" style=\"background-image:url(https:\/\/www.condorhotel.ro\/wp-content\/uploads\/2023\/01\/IMG_7304.jpeg);\"><\/div><\/li><\/ul><\/div>[\/vc_column][\/vc_row][vc_row css=&#8221;.vc_custom_1625649513890{margin-top: 0px !important;margin-bottom: 0px !important;border-top-width: 0px !important;border-bottom-width: 0px !important;padding-top: 80px !important;padding-bottom: 80px !important;background-color: #f2f2f3 !important;}&#8221;][vc_column width=&#8221;1\/4&#8243; css=&#8221;.vc_custom_1625649524968{margin-top: 0px !important;margin-bottom: 0px !important;border-top-width: 0px !important;border-bottom-width: 0px !important;padding-top: 0px !important;padding-bottom: 0px !important;}&#8221;][\/vc_column][vc_column width=&#8221;1\/2&#8243;]<h3 class=\"sohohotel-title-35px sohohotel-clearfix sohohotel-title-center\">Bine a\u021bi venit la Hotel Condor!<\/h3>[vc_column_text]<\/p>\n<p style=\"text-align: center;\">Business or pleasure?<br \/>\nSuntem singurul hotel situat \u00een centrul istoric al municipiului Tulcea, de unde pute\u021bi descoperi o parte din ora\u0219ul vechi \u0219i cl\u0103dirile de patrimoniu de la por\u021bile Deltei Dun\u0103rii. Apropierea de principalele rute de acces, obiective turistice \u0219i cl\u0103diri administrative ne recomand\u0103 ca loca\u021bia ideal\u0103 pentru a porni \u00een c\u0103l\u0103torie al\u0103turi de noi, indiferent dac\u0103 ne vizita\u021bi \u00een interes de afaceri sau pentru relaxare.<\/p>\n<p style=\"text-align: center;\">Pe l\u00e2ng\u0103 acestea, ne str\u0103duim s\u0103 v\u0103 \u00eenc\u00e2nt\u0103m cu servicii prietenoase \u0219i atent g\u00e2ndite astfel \u00eenc\u00e2t s\u0103 v\u0103 bucura\u021bi de un sejur pl\u0103cut \u0219i confortabil la Hotel Condor Tulcea.<\/p>\n<p style=\"text-align: center;\">[\/vc_column_text][\/vc_column][vc_column width=&#8221;1\/4&#8243;][\/vc_column][\/vc_row][vc_row css=&#8221;.vc_custom_1625649537047{margin-top: 0px !important;margin-right: 0px !important;margin-bottom: 0px !important;margin-left: 0px !important;border-top-width: 0px !important;border-right-width: 0px !important;border-bottom-width: 0px !important;border-left-width: 0px !important;padding-top: 0px !important;padding-right: 0px !important;padding-bottom: 0px !important;padding-left: 0px !important;}&#8221;][vc_column css=&#8221;.vc_custom_1610002239003{margin-top: 0px !important;margin-right: 0px !important;margin-bottom: 0px !important;margin-left: 0px !important;border-top-width: 0px !important;border-right-width: 0px !important;border-bottom-width: 0px !important;border-left-width: 0px !important;padding-top: 0px !important;padding-right: 0px !important;padding-bottom: 0px !important;padding-left: 0px !important;}&#8221;]<section class=\"sohohotel-image-text-wrapper sohohotel-clearfix sohohotel-image-text-wrapper-right-align\"><div class=\"sohohotel-it-image-wrapper\" style=\"background-image:url(https:\/\/www.condorhotel.ro\/wp-content\/uploads\/2023\/01\/IMG_7252.jpeg);\"><img decoding=\"async\" src=\"https:\/\/www.condorhotel.ro\/wp-content\/uploads\/2023\/01\/IMG_7252.jpeg\" alt=\"\" \/><\/div><div class=\"sohohotel-it-text-wrapper\" style=\"background: ;\"><h3 class=\"sohohotel-title-28px sohohotel-clearfix sohohotel-title-left\" style=\"color: ;\">Despre noi<\/h3><p style=\"color: ;\">La Hotel Condor, designul camerelor este unic, fiind inspirat din specificul natural al jude\u021bului Tulcea. Culorile neutre \u0219i elementele din lemn masiv creeaz\u0103 o atmosfer\u0103 aparte, fiind locul perfect pentru cei care caut\u0103 elegan\u021b\u0103 acompaniat\u0103 de servicii \u0219i facilit\u0103\u021bi excelente.<br \/>\nParterul hotelului v\u0103 ofer\u0103 un lounge confortabil, cu o ambian\u021b\u0103 ideal\u0103 pentru \u00eent\u00e2lnirile de afaceri sau ca loc de relaxare \u0219i socializare pentru oaspe\u021bii hotelului.<br \/>\n\u00cen plus, sunte\u021bi bineveni\u021bi s\u0103 v\u0103 relaxa\u021bi la Condor Sky Bar &amp; Restaurant, unde ve\u021bi descoperi o teras\u0103 \u00eensorit\u0103 cu o priveli\u0219te uimitoare c\u0103tre ora\u0219ul Tulcea, dar mai ales c\u0103tre al doilea cel mai lung fluviu din Europa, Dun\u0103rea.<\/p><a href=\"https:\/\/www.condorhotel.ro\/contact\/\" class=\"sohohotel-button1\" >Rezerva\u021bi acum<\/a><div class=\"gallery\"><div class=\"gallery-item\"><div class=\"gallery-icon\"><a href=\"\" data-gal=\"prettyPhoto[gallery-82]\"><img decoding=\"async\" src=\"\" alt=\"\"><\/a><\/div><\/div><br style=\"clear: both;\"><\/div><\/div><\/section>[vc_row_inner][vc_column_inner][vc_empty_space height=&#8221;52px&#8221;][\/vc_column_inner][\/vc_row_inner]<section class=\"sohohotel-image-text-wrapper sohohotel-clearfix sohohotel-image-text-wrapper-left-align\"><div class=\"sohohotel-it-image-wrapper\" style=\"background-image:url(https:\/\/www.condorhotel.ro\/wp-content\/uploads\/2023\/02\/IMG_9733-1920x1100.jpeg);\"><img decoding=\"async\" src=\"https:\/\/www.condorhotel.ro\/wp-content\/uploads\/2023\/02\/IMG_9733-1920x1100.jpeg\" alt=\"\" \/><\/div><div class=\"sohohotel-it-text-wrapper\" style=\"background: ;\"><h3 class=\"sohohotel-title-28px sohohotel-clearfix sohohotel-title-left\" style=\"color: ;\">Camerele noastre<\/h3><p style=\"color: ;\">Camerele noastre sunt amenajate \u00een a\u0219a fel \u00eenc\u00e2t s\u0103 fie luminoase, spa\u021bioase, s\u0103 ofere lini\u0219te \u0219i relaxare. Designul ce \u00eembin\u0103 rafinamentul cu dot\u0103rile moderne, precum \u015fi aten\u0163ia la detalii, v\u0103 vor face s\u0103 v\u0103 bucura\u0163i de o \u015federe pl\u0103cut\u0103.<\/p>\n<p style=\"text-align: center;\"><\/p><a href=\"https:\/\/www.condorhotel.ro\/contact\/\" class=\"sohohotel-button1\" >Rezerva\u021bi acum<\/a><div class=\"gallery\"><div class=\"gallery-item\"><div class=\"gallery-icon\"><a href=\"\" data-gal=\"prettyPhoto[gallery-86]\"><img decoding=\"async\" src=\"\" alt=\"\"><\/a><\/div><\/div><br style=\"clear: both;\"><\/div><\/div><\/section>[vc_row_inner css=&#8221;.vc_custom_1627545677853{margin-top: 0px !important;margin-right: 0px !important;margin-bottom: 0px !important;margin-left: 0px !important;border-top-width: 0px !important;border-right-width: 0px !important;border-bottom-width: 0px !important;border-left-width: 0px !important;padding-top: 0px !important;padding-right: 0px !important;padding-bottom: 0px !important;padding-left: 0px !important;}&#8221;][vc_column_inner css=&#8221;.vc_custom_1627545830089{margin-top: 0px !important;margin-right: 0px !important;margin-bottom: 0px !important;margin-left: 0px !important;border-top-width: 0px !important;border-right-width: 0px !important;border-bottom-width: 0px !important;border-left-width: 0px !important;padding-top: 0px !important;padding-right: 0px !important;padding-bottom: 0px !important;padding-left: 0px !important;}&#8221;][\/vc_column_inner][\/vc_row_inner][\/vc_column][\/vc_row][vc_row css=&#8221;.vc_custom_1625643442280{margin-top: 0px !important;margin-right: 0px !important;margin-bottom: 0px !important;margin-left: 0px !important;border-top-width: 0px !important;border-right-width: 0px !important;border-bottom-width: 0px !important;border-left-width: 0px !important;padding-top: 80px !important;padding-right: 0px !important;padding-bottom: 80px !important;padding-left: 0px !important;background-color: #f2f2f3 !important;}&#8221;][vc_column css=&#8221;.vc_custom_1625647823481{margin-top: 0px !important;margin-right: 0px !important;margin-bottom: 0px !important;margin-left: 0px !important;border-top-width: 0px !important;border-right-width: 0px !important;border-bottom-width: 0px !important;border-left-width: 0px !important;padding-top: 0px !important;padding-right: 0px !important;padding-bottom: 0px !important;padding-left: 0px !important;}&#8221;]<h3 class=\"sohohotel-title-28px sohohotel-clearfix sohohotel-title-center\">Facilit\u0103\u021bile hotelului<\/h3><section class=\"sohohotel-icon-text-wrapper-2 sohohotel-clearfix\"><div class=\"sohohotel-icon-text-block sohohotel-clearfix\">\n\t\t<div class=\"sohohotel-icon\"><i class=\"fas fa-coffee\"><\/i><\/div>\n\t\t<div class=\"sohohotel-text\">\n\t\t\t<h4>Lounge<\/h4>\n\t\t\t<p>Relaxeaz\u0103-te \u00eentr-o atmosfer\u0103 elegant\u0103 \u0219i intim\u0103, al\u0103turi de o cafea de specialitate, un cocktail sau un vin de colec\u021bie. Indiferent dac\u0103 ne vizitezi cu prietenii sau de unul singur, te vei bucura cu adev\u0103rat de experien\u021ba unui ambient perfect pentru socializare, \u00eent\u00e2lniri de afaceri sau relaxare.<\/p>\n\t\t<\/div>\n\t\t<\/div><div class=\"sohohotel-icon-text-block sohohotel-clearfix\">\n\t\t<div class=\"sohohotel-icon\"><i class=\"fas fa-dumbbell\"><\/i><\/div>\n\t\t<div class=\"sohohotel-text\">\n\t\t\t<h4>Sal\u0103 de fitness<\/h4>\n\t\t\t<p>Sala noastr\u0103 de fitness este refugiul perfect pentru to\u021bi iubitorii unui stil de via\u021b\u0103 s\u0103n\u0103tos.<\/p>\n\t\t<\/div>\n\t\t<\/div><div class=\"sohohotel-icon-text-block sohohotel-clearfix\">\n\t\t<div class=\"sohohotel-icon\"><i class=\"fas fa-car\"><\/i><\/div>\n\t\t<div class=\"sohohotel-text\">\n\t\t\t<h4>Parcare supravegheat\u0103 video<\/h4>\n\t\t\t<p>Fiind accesibil\u0103 non-stop, parcarea noastr\u0103 este iluminat\u0103 \u0219i supravegheat\u0103 video pentru a oferi oaspe\u021bilor hotelului o experien\u021b\u0103 confortabil\u0103 \u0219i mai pu\u021bin stresant\u0103.<\/p>\n\t\t<\/div>\n\t\t<\/div><\/section>[vc_row_inner css=&#8221;.vc_custom_1625647793106{margin-top: 0px !important;margin-right: 0px !important;margin-bottom: 0px !important;margin-left: 0px !important;border-top-width: 0px !important;border-right-width: 0px !important;border-bottom-width: 0px !important;border-left-width: 0px !important;padding-top: 0px !important;padding-right: 0px !important;padding-bottom: 0px !important;padding-left: 0px !important;}&#8221;][vc_column_inner css=&#8221;.vc_custom_1627546014696{margin-top: 0px !important;margin-right: 0px !important;margin-bottom: 0px !important;margin-left: 0px !important;border-top-width: 0px !important;border-right-width: 0px !important;border-bottom-width: 0px !important;border-left-width: 0px !important;padding-top: 0px !important;padding-right: 0px !important;padding-bottom: 0px !important;padding-left: 0px !important;}&#8221;]<section class=\"sohohotel-icon-text-wrapper-2 sohohotel-clearfix\"><div class=\"sohohotel-icon-text-block sohohotel-clearfix\">\n\t\t<div class=\"sohohotel-icon\"><i class=\"fas fa-utensils\"><\/i><\/div>\n\t\t<div class=\"sohohotel-text\">\n\t\t\t<h4>Mic dejun inclus<\/h4>\n\t\t\t<p>Fie c\u0103 ne vizitezi pentru o \u00eent\u00e2lnire de afaceri sau pentru relaxare, de un lucru po\u021bi fi sigur, \u00een fiecare diminea\u021b\u0103 te a\u0219tept\u0103m cu un mic dejun excep\u021bional. Acesta se serve\u0219te \u00een intervalul orar 07.00-10.00 \u0219i este inclus \u00een pre\u021bul sejurului.<\/p>\n\t\t<\/div>\n\t\t<\/div><div class=\"sohohotel-icon-text-block sohohotel-clearfix\">\n\t\t<div class=\"sohohotel-icon\"><i class=\"fas fa-wheelchair\"><\/i><\/div>\n\t\t<div class=\"sohohotel-text\">\n\t\t\t<h4>Facilit\u0103\u021bi pentru persoanele cu nevoi speciale<\/h4>\n\t\t\t<p>Hotelul Condor Tulcea este prev\u0103zut cu o camer\u0103 amenajat\u0103 cu grup sanitar special \u0219i cu rampe de acces pentru persoanele cu dizabilit\u0103\u021bi.<\/p>\n\t\t<\/div>\n\t\t<\/div><div class=\"sohohotel-icon-text-block sohohotel-clearfix\">\n\t\t<div class=\"sohohotel-icon\"><i class=\"fas fa-bell\"><\/i><\/div>\n\t\t<div class=\"sohohotel-text\">\n\t\t\t<h4>Recep\u021bie 24h<\/h4>\n\t\t\t<p>Fie c\u0103 ai nevoie de cazare \u00een miez de noapte, de informa\u021bii suplimentare sau chiar de suport pentru anumite facilit\u0103\u021bi, recep\u021bia noastr\u0103 este deschis\u0103 pentru tine.<\/p>\n\t\t<\/div>\n\t\t<\/div><div class=\"sohohotel-icon-text-block sohohotel-clearfix\">\n\t\t<div class=\"sohohotel-icon\"><i class=\"fas fa-wifi\"><\/i><\/div>\n\t\t<div class=\"sohohotel-text\">\n\t\t\t<h4>Internet Wi-Fi<\/h4>\n\t\t\t<p>Indiferent dac\u0103 ai nevoie de un spa\u021biu de lucru sau vrei s\u0103 fii \u00een contact cu cei dragi, \u00eentregul hotel este acoperit de re\u021beaua Wi-Fi gratuit\u0103.<\/p>\n\t\t<\/div>\n\t\t<\/div><\/section>[vc_separator][\/vc_column_inner][\/vc_row_inner]<div class=\"sohohotel-single-testimonial-text-image-wrapper sohohotel-clearfix\"><div class=\"sohohotel-single-testimonial-text-wrapper sohohotel-single-testimonial-text-wrapper-left\" style=\"background: ;\"><h3 class=\"sohohotel-clearfix sohohotel-single-testimonial-text\" style=\"color: ;\"><span>\u201c<\/span>Ne-a pl\u0103cut foarte mult \u0219ederea la hotelul Condor din Tulcea, personalul a fost prietenos \u0219i atent, iar priveli\u0219tea din camer\u0103 este de neuitat!<\/h3><p class=\"sohohotel-clearfix sohohotel-single-testimonial-guest-name\" style=\"color: ;\">&#8212; Andreea Maximov<\/p><\/div><div class=\"sohohotel-single-testimonial-image-wrapper sohohotel-single-testimonial-image-wrapper-right\"><div class=\"sohohotel-single-testimonial-image\" style=\"background-image: url(https:\/\/www.condorhotel.ro\/wp-content\/uploads\/2023\/01\/IMG_9732-1920x1100.jpeg); background-size: 1024px 768px; height: 768px;\"><\/div><\/div><\/div>[\/vc_column][\/vc_row][vc_row css=&#8221;.vc_custom_1610002295243{margin-top: 0px !important;margin-right: 0px !important;margin-bottom: 0px !important;margin-left: 0px !important;border-top-width: 0px !important;border-right-width: 0px !important;border-bottom-width: 0px !important;border-left-width: 0px !important;padding-top: 0px !important;padding-right: 0px !important;padding-bottom: 0px !important;padding-left: 0px !important;background-color: #f2f2f3 !important;}&#8221;][vc_column css=&#8221;.vc_custom_1610002302971{margin-top: 0px !important;margin-right: 0px !important;margin-bottom: 0px !important;margin-left: 0px !important;border-top-width: 0px !important;border-right-width: 0px !important;border-bottom-width: 0px !important;border-left-width: 0px !important;padding-top: 0px !important;padding-right: 0px !important;padding-bottom: 0px !important;padding-left: 0px !important;}&#8221;]<section class=\"sohohotel-clearfix sohohotel-call-to-action-video-section\" style=\"background-image:url(https:\/\/www.condorhotel.ro\/wp-content\/uploads\/2023\/01\/IMG_9840.jpeg);\">\n\t\t\n\t\t<div class=\"sohohotel-call-to-action-video-overlay\"><\/div>\n\t\t\n\t\t<div class=\"sohohotel-call-to-action-video-section-inner\">\n\n\t\t\t<h3>Rezerva\u0163i ast\u0103zi \u0219i bucura\u0163i-v\u0103 de o \u0219edere relaxant\u0103 la noi<\/h3>\n\t\t\t<p>Urm\u0103ri\u021bi turul nostru video acum \u0219i imagina\u021bi-v\u0103 aici!<\/p>\n\t\t\t<div class=\"sohohotel-video-play\"><a href=\"https:\/\/hotel-condor.arhi360.com\/\" data-gal=\"prettyPhoto\"><i class=\"fa fa-play\"><\/i><\/a><\/div>\n\n\t\t<\/div>\n\t\t\n\t<\/section>[\/vc_column][\/vc_row][vc_row css=&#8221;.vc_custom_1627545659074{margin-top: 0px !important;margin-right: 0px !important;margin-bottom: 0px !important;margin-left: 0px !important;border-top-width: 0px !important;border-right-width: 0px !important;border-bottom-width: 0px !important;border-left-width: 0px !important;padding-top: 80px !important;padding-right: 0px !important;padding-bottom: 20px !important;padding-left: 0px !important;background-color: #f2f2f3 !important;}&#8221;][vc_column css=&#8221;.vc_custom_1627545669829{margin-top: 0px !important;margin-right: 0px !important;margin-bottom: 0px !important;margin-left: 0px !important;border-top-width: 0px !important;border-right-width: 0px !important;border-bottom-width: 0px !important;border-left-width: 0px !important;padding-top: 0px !important;padding-right: 0px !important;padding-bottom: 0px !important;padding-left: 0px !important;}&#8221;][\/vc_column][\/vc_row]<\/p>\n","protected":false},"excerpt":{"rendered":"<p>[vc_row css=&#8221;.vc_custom_1626770139067{margin-top: 0px !important;margin-right: 0px !important;margin-bottom: 0px !important;margin-left: 0px !important;border-top-width: 0px !important;border-right-width: 0px !important;border-bottom-width: 0px !important;border-left-width: 0px !important;padding-top: 0px !important;padding-right: 0px !important;padding-bottom: 0px !important;padding-left: 0px !important;background-color: #f2f2f3 !important;}&#8221; el_class=&#8221;sohohotel-slideshow-wrapper-1&#8243;][vc_column css=&#8221;.vc_custom_1626769422811{margin-top: 0px !important;margin-right: 0px !important;margin-bottom: 0px !important;margin-left: 0px !important;border-top-width: 0px !important;border-right-width: 0px !important;border-bottom-width: 0px !important;border-left-width: 0px !important;padding-top: 0px !important;padding-right: 0px !important;padding-bottom: 0px !important;padding-left: 0px !important;}&#8221;][\/vc_column][\/vc_row][vc_row css=&#8221;.vc_custom_1625649513890{margin-top:<\/p>\n<a href=\"https:\/\/www.condorhotel.ro\/\" class=\"sohohotel-more-link\">Read More<\/a>","protected":false},"author":1,"featured_media":0,"parent":0,"menu_order":0,"comment_status":"closed","ping_status":"closed","template":"","meta":{"footnotes":""},"class_list":["post-83","page","type-page","status-publish","hentry"],"aioseo_notices":[],"_links":{"self":[{"href":"https:\/\/www.condorhotel.ro\/index.php?rest_route=\/wp\/v2\/pages\/83","targetHints":{"allow":["GET"]}}],"collection":[{"href":"https:\/\/www.condorhotel.ro\/index.php?rest_route=\/wp\/v2\/pages"}],"about":[{"href":"https:\/\/www.condorhotel.ro\/index.php?rest_route=\/wp\/v2\/types\/page"}],"author":[{"embeddable":true,"href":"https:\/\/www.condorhotel.ro\/index.php?rest_route=\/wp\/v2\/users\/1"}],"replies":[{"embeddable":true,"href":"https:\/\/www.condorhotel.ro\/index.php?rest_route=%2Fwp%2Fv2%2Fcomments&post=83"}],"version-history":[{"count":56,"href":"https:\/\/www.condorhotel.ro\/index.php?rest_route=\/wp\/v2\/pages\/83\/revisions"}],"predecessor-version":[{"id":829,"href":"https:\/\/www.condorhotel.ro\/index.php?rest_route=\/wp\/v2\/pages\/83\/revisions\/829"}],"wp:attachment":[{"href":"https:\/\/www.condorhotel.ro\/index.php?rest_route=%2Fwp%2Fv2%2Fmedia&parent=83"}],"curies":[{"name":"wp","href":"https:\/\/api.w.org\/{rel}","templated":true}]}}