{"id":68,"date":"2022-02-15T13:00:50","date_gmt":"2022-02-15T11:00:50","guid":{"rendered":"https:\/\/www.condorhotel.ro\/accommodation-i-2-columns\/"},"modified":"2023-02-03T14:47:21","modified_gmt":"2023-02-03T12:47:21","slug":"camere","status":"publish","type":"page","link":"https:\/\/www.condorhotel.ro\/?page_id=68","title":{"rendered":"CAMERE"},"content":{"rendered":"<p>[vc_row][vc_column][vc_zigzag]<h3 class=\"sohohotel-title-28px sohohotel-clearfix sohohotel-title-center\">Camere<\/h3>[\/vc_column][\/vc_row][vc_row][vc_column][vc_column_text]Indiferent dac\u0103 c\u0103l\u0103tore\u0219ti pentru afaceri sau pentru relaxare, <a href=\"https:\/\/www.condorhotel.ro\/\">Hotelul Condor din Tulcea<\/a> este op\u021biunea ideal\u0103 pentru tine.<\/p>\n<p>Pentru a satisface nevoile oaspe\u021bilor no\u0219tri, am preg\u0103tit diferite categorii de camere, precum: Executive \/ Premium \/ Confort \/ Single.<\/p>\n<p>Ambi\u021bia noastr\u0103 a fost s\u0103 v\u0103 oferim camere spa\u021bioase \u0219i confortabile, cu un design deosebit, facilit\u0103\u021bi moderne \u0219i cu o priveli\u0219te superb\u0103 asupra ora\u0219ului sau a Dun\u0103rii. De asemenea, personalul hotelului este amabil \u0219i serviabil, iar serviciile de recep\u021bie sunt disponibile 24h \/ 7.<\/p>\n<p>Totodat\u0103, pentru oaspe\u021bii business am g\u00e2ndit un mix de confort \u0219i func\u021bionalitate, cu internet de mare vitez\u0103, spa\u021biu de lucru, televizoare cu ecran plat, un minibar select \u0219i cafetier\u0103, pentru a v\u0103 ajuta s\u0103 v\u0103 p\u0103stra\u021bi conectat \u0219i productiv.<\/p>\n<p>Nu \u00een ultimul r\u00e2nd, garant\u0103m c\u0103 vederea spre Faleza \u201eIvan Patzaichin\u201d Tulcea te va ispiti s\u0103 faci excursia la care visezi \u00een cel mai t\u00e2n\u0103r p\u0103m\u00e2nt al Europei, spectaculoasa Delt\u0103 a Dun\u0103rii.<\/p>\n<p><a href=\"https:\/\/www.condorhotel.ro\/contact\/\">Rezerv\u0103 acum \u0219i experimenteaz\u0103 confortul \u0219i serviciile noastre!<\/a>[\/vc_column_text]\t\t\n\t\t\t\t\n\t\t<!-- BEGIN .shb-accommodation-listing-style-1 -->\n\t\t<div class=\"shb-accommodation-listing-style-1 shb-accommodation-listing-style-1-columns-2\">\n\t\t\t\n\t\t\t\t\n\t\t\t<!-- BEGIN .shb-accommodation-listing-item -->\n\t\t\t<div class=\"shb-accommodation-listing-item\">\n\t\t\t\n\t\t\t\t\t\t\t\t\t<a href=\"https:\/\/www.condorhotel.ro\/?shb_accommodation=camera-confort\" rel=\"bookmark\" title=\"Camer\u0103 Confort\">\n\t\t\t\t\t\t\t\t\t\t\t\t<img decoding=\"async\" class=\"shb-accommodation-listing-image\" src=\"https:\/\/www.condorhotel.ro\/wp-content\/uploads\/2023\/01\/IMG_9794-1180x710.jpeg\" alt=\"Camer\u0103 Confort\" \/>\t\t\t\t\t<\/a>\n\t\t\t\t\t\t\t\n\t\t\t\t<div class=\"shb-accommodation-listing-description-wrapper\">\n\t\t\t\t\n\t\t\t\t\t<h3><a href=\"https:\/\/www.condorhotel.ro\/?shb_accommodation=camera-confort\" rel=\"bookmark\" title=\"Camer\u0103 Confort\">Camer\u0103 Confort<\/a><\/h3>\n\t\t\t\t\n\t\t\t\t\t<div class=\"shb-accommodation-listing-description shb-clearfix\">\n\t\t\t\t\t\t\t\t\t\t\t\t<a href=\"https:\/\/www.condorhotel.ro\/?shb_accommodation=camera-confort\" class=\"shb-accommodation-listing-button1\">Vezi camera<\/a>\n\t\t\t\t\t\t<a href=\"https:\/\/www.condorhotel.ro\/?shb_accommodation=camera-confort\" class=\"shb-accommodation-listing-button2\">View Room<i class=\"fas fa-chevron-right\"><\/i><\/a>\n\t\t\t\t\t<\/div>\n\t\t\t\t\n\t\t\t\t<\/div>\n\t\t\t\n\t\t\t<!-- END .shb-accommodation-listing-item -->\n\t\t\t<\/div>\n\t\t\n\t\t\t\t\n\t\t\t<!-- BEGIN .shb-accommodation-listing-item -->\n\t\t\t<div class=\"shb-accommodation-listing-item\">\n\t\t\t\n\t\t\t\t\t\t\t\t\t<a href=\"https:\/\/www.condorhotel.ro\/?shb_accommodation=camera-executive\" rel=\"bookmark\" title=\"Camer\u0103 Executive\">\n\t\t\t\t\t\t\t\t\t\t\t\t<img decoding=\"async\" class=\"shb-accommodation-listing-image\" src=\"https:\/\/www.condorhotel.ro\/wp-content\/uploads\/2023\/02\/IMG_9733-1180x710.jpeg\" alt=\"Camer\u0103 Executive\" \/>\t\t\t\t\t<\/a>\n\t\t\t\t\t\t\t\n\t\t\t\t<div class=\"shb-accommodation-listing-description-wrapper\">\n\t\t\t\t\n\t\t\t\t\t<h3><a href=\"https:\/\/www.condorhotel.ro\/?shb_accommodation=camera-executive\" rel=\"bookmark\" title=\"Camer\u0103 Executive\">Camer\u0103 Executive<\/a><\/h3>\n\t\t\t\t\n\t\t\t\t\t<div class=\"shb-accommodation-listing-description shb-clearfix\">\n\t\t\t\t\t\t\t\t\t\t\t\t<a href=\"https:\/\/www.condorhotel.ro\/?shb_accommodation=camera-executive\" class=\"shb-accommodation-listing-button1\">Vezi camera<\/a>\n\t\t\t\t\t\t<a href=\"https:\/\/www.condorhotel.ro\/?shb_accommodation=camera-executive\" class=\"shb-accommodation-listing-button2\">View Room<i class=\"fas fa-chevron-right\"><\/i><\/a>\n\t\t\t\t\t<\/div>\n\t\t\t\t\n\t\t\t\t<\/div>\n\t\t\t\n\t\t\t<!-- END .shb-accommodation-listing-item -->\n\t\t\t<\/div>\n\t\t\n\t\t\t\t\n\t\t\t<!-- BEGIN .shb-accommodation-listing-item -->\n\t\t\t<div class=\"shb-accommodation-listing-item\">\n\t\t\t\n\t\t\t\t\t\t\t\t\t<a href=\"https:\/\/www.condorhotel.ro\/?shb_accommodation=camera-single\" rel=\"bookmark\" title=\"Camer\u0103 Single\">\n\t\t\t\t\t\t\t\t\t\t\t\t<img decoding=\"async\" class=\"shb-accommodation-listing-image\" src=\"https:\/\/www.condorhotel.ro\/wp-content\/uploads\/2023\/01\/IMG_9740-1180x710.jpeg\" alt=\"Camer\u0103 Single\" \/>\t\t\t\t\t<\/a>\n\t\t\t\t\t\t\t\n\t\t\t\t<div class=\"shb-accommodation-listing-description-wrapper\">\n\t\t\t\t\n\t\t\t\t\t<h3><a href=\"https:\/\/www.condorhotel.ro\/?shb_accommodation=camera-single\" rel=\"bookmark\" title=\"Camer\u0103 Single\">Camer\u0103 Single<\/a><\/h3>\n\t\t\t\t\n\t\t\t\t\t<div class=\"shb-accommodation-listing-description shb-clearfix\">\n\t\t\t\t\t\t\t\t\t\t\t\t<a href=\"https:\/\/www.condorhotel.ro\/?shb_accommodation=camera-single\" class=\"shb-accommodation-listing-button1\">Vezi camera<\/a>\n\t\t\t\t\t\t<a href=\"https:\/\/www.condorhotel.ro\/?shb_accommodation=camera-single\" class=\"shb-accommodation-listing-button2\">View Room<i class=\"fas fa-chevron-right\"><\/i><\/a>\n\t\t\t\t\t<\/div>\n\t\t\t\t\n\t\t\t\t<\/div>\n\t\t\t\n\t\t\t<!-- END .shb-accommodation-listing-item -->\n\t\t\t<\/div>\n\t\t\n\t\t\t\t\n\t\t\t<!-- BEGIN .shb-accommodation-listing-item -->\n\t\t\t<div class=\"shb-accommodation-listing-item\">\n\t\t\t\n\t\t\t\t\t\t\t\t\t<a href=\"https:\/\/www.condorhotel.ro\/?shb_accommodation=camera-premium\" rel=\"bookmark\" title=\"Camer\u0103 Premium\">\n\t\t\t\t\t\t\t\t\t\t\t\t<img decoding=\"async\" class=\"shb-accommodation-listing-image\" src=\"https:\/\/www.condorhotel.ro\/wp-content\/uploads\/2023\/01\/20230119_101556-1180x710.jpg\" alt=\"Camer\u0103 Premium\" \/>\t\t\t\t\t<\/a>\n\t\t\t\t\t\t\t\n\t\t\t\t<div class=\"shb-accommodation-listing-description-wrapper\">\n\t\t\t\t\n\t\t\t\t\t<h3><a href=\"https:\/\/www.condorhotel.ro\/?shb_accommodation=camera-premium\" rel=\"bookmark\" title=\"Camer\u0103 Premium\">Camer\u0103 Premium<\/a><\/h3>\n\t\t\t\t\n\t\t\t\t\t<div class=\"shb-accommodation-listing-description shb-clearfix\">\n\t\t\t\t\t\t\t\t\t\t\t\t<a href=\"https:\/\/www.condorhotel.ro\/?shb_accommodation=camera-premium\" class=\"shb-accommodation-listing-button1\">Vezi camera<\/a>\n\t\t\t\t\t\t<a href=\"https:\/\/www.condorhotel.ro\/?shb_accommodation=camera-premium\" class=\"shb-accommodation-listing-button2\">View Room<i class=\"fas fa-chevron-right\"><\/i><\/a>\n\t\t\t\t\t<\/div>\n\t\t\t\t\n\t\t\t\t<\/div>\n\t\t\t\n\t\t\t<!-- END .shb-accommodation-listing-item -->\n\t\t\t<\/div>\n\t\t\n\t\t\t\t\t\n\t\t<!-- END .shb-accommodation-listing-style-1 -->\n\t\t<\/div>\n\t\n\t\t\n\t\t\n\t[\/vc_column][\/vc_row][vc_row][vc_column][vc_column_text]<\/p>\n<p style=\"text-align: center;\"><strong>POLITICA NOASTR\u0102<\/strong><\/p>\n<p style=\"text-align: center;\"><strong>INTERVAL ORAR CHECK-IN \/ CHECK-OUT<\/strong><\/p>\n<p style=\"text-align: center;\">Check-In:\u00a0\u00eencep\u00e2nd cu ora 15:00<\/p>\n<p style=\"text-align: center;\">Check-Out:\u00a0p\u00e2n\u0103 la ora 12:00<\/p>\n<p style=\"text-align: center;\"><strong>MICUL DEJUN<\/strong><\/p>\n<p style=\"text-align: center;\">Este inclus \u0219i se serve\u0219te \u00een intervalul orar 07:00 \u2013 10:00<\/p>\n<p style=\"text-align: center;\"><strong>PROGRAM RECEP\u021aIE<\/strong><\/p>\n<p style=\"text-align: center;\">Recep\u021bia hotelului este disponibil\u0103 24h \/ 7<\/p>\n<p style=\"text-align: center;\"><strong>V\u0103 mul\u021bumim pentru \u00eencredere \u0219i v\u0103 dorim \u0219edere pl\u0103cut\u0103! \ud83d\ude42<\/strong><\/p>\n<p>[\/vc_column_text][\/vc_column][\/vc_row]<\/p>\n","protected":false},"excerpt":{"rendered":"<p>[vc_row][vc_column][vc_zigzag][\/vc_column][\/vc_row][vc_row][vc_column][vc_column_text]Indiferent dac\u0103 c\u0103l\u0103tore\u0219ti pentru afaceri sau pentru relaxare, Hotelul Condor din Tulcea este op\u021biunea ideal\u0103 pentru tine. Pentru a satisface nevoile oaspe\u021bilor no\u0219tri, am preg\u0103tit diferite categorii de camere, precum: Executive \/ Premium \/ Confort \/ Single. Ambi\u021bia noastr\u0103 a fost s\u0103 v\u0103 oferim camere spa\u021bioase \u0219i confortabile, cu un design deosebit, facilit\u0103\u021bi moderne \u0219i<\/p>\n<a href=\"https:\/\/www.condorhotel.ro\/?shb_accommodation=camera-premium\" class=\"sohohotel-more-link\">Read More<\/a>","protected":false},"author":1,"featured_media":0,"parent":0,"menu_order":0,"comment_status":"closed","ping_status":"closed","template":"","meta":{"footnotes":""},"class_list":["post-68","page","type-page","status-publish","hentry"],"aioseo_notices":[],"_links":{"self":[{"href":"https:\/\/www.condorhotel.ro\/index.php?rest_route=\/wp\/v2\/pages\/68","targetHints":{"allow":["GET"]}}],"collection":[{"href":"https:\/\/www.condorhotel.ro\/index.php?rest_route=\/wp\/v2\/pages"}],"about":[{"href":"https:\/\/www.condorhotel.ro\/index.php?rest_route=\/wp\/v2\/types\/page"}],"author":[{"embeddable":true,"href":"https:\/\/www.condorhotel.ro\/index.php?rest_route=\/wp\/v2\/users\/1"}],"replies":[{"embeddable":true,"href":"https:\/\/www.condorhotel.ro\/index.php?rest_route=%2Fwp%2Fv2%2Fcomments&post=68"}],"version-history":[{"count":20,"href":"https:\/\/www.condorhotel.ro\/index.php?rest_route=\/wp\/v2\/pages\/68\/revisions"}],"predecessor-version":[{"id":813,"href":"https:\/\/www.condorhotel.ro\/index.php?rest_route=\/wp\/v2\/pages\/68\/revisions\/813"}],"wp:attachment":[{"href":"https:\/\/www.condorhotel.ro\/index.php?rest_route=%2Fwp%2Fv2%2Fmedia&parent=68"}],"curies":[{"name":"wp","href":"https:\/\/api.w.org\/{rel}","templated":true}]}}